{"id":5756,"date":"2013-06-08T14:33:06","date_gmt":"2013-06-08T14:33:06","guid":{"rendered":"http:\/\/localhost.local\/Karma\/?page_id=5756"},"modified":"2013-06-08T14:33:06","modified_gmt":"2013-06-08T14:33:06","slug":"full-width","status":"publish","type":"page","link":"https:\/\/net4web.pl\/index.php\/full-width\/","title":{"rendered":"Full Width"},"content":{"rendered":"<div class=\"shadow_img_frame shadow_banner_full tt_\"><div class=\"img-preload\"><img src='https:\/\/net4web.pl\/wp-content\/themes\/n4w\/framework\/extended\/timthumb\/timthumb.php?src=http:\/\/s3.truethemes.net\/theme-xml-content\/wp-karma-4\/large-banner\/large-banner-office.png&amp;h=201&amp;w=922' alt='Karma Responsive WordPress Theme' class=\"attachment-fadeIn\" \/><\/div><\/div>\n<div class=\"one_third tt-column\">\n<h4>Built<\/h4>\n<p>Lorem ipsum dolor sit amet, consectetur adipiscing elit. Ut quis sem nibh. Proin fringilla, lectus vitae vestibulum facilisis, est justo tempus orci, vel laoreet diam eros placerat elit. Pellentesque facilisis tempus velit sit amet porttitor. Proin nibh magna, porttitor accumsan malesuada non, auctor id tortor.<\/p>\n<\/div>\n<div class=\"one_third tt-column\">\n<h4>With<\/h4>\n<p>Lorem ipsum dolor sit amet, consectetur adipiscing elit. Ut quis sem nibh. Proin fringilla, lectus vitae vestibulum facilisis, est justo tempus orci, vel laoreet diam eros placerat elit. Pellentesque facilisis tempus velit sit amet porttitor. Proin nibh magna, porttitor accumsan malesuada non, auctor id tortor.<\/p>\n<\/div>\n<div class=\"one_third_last tt-column\">\n<h4>Love<\/h4>\n<p>Lorem ipsum dolor sit amet, consectetur adipiscing elit. Ut quis sem nibh. Proin fringilla, lectus vitae vestibulum facilisis, est justo tempus orci, vel laoreet diam eros placerat elit. Pellentesque facilisis tempus velit sit amet porttitor. Proin nibh magna, porttitor accumsan malesuada non, auctor id tortor.<\/p>\n<\/div><br class=\"clear\" \/>\n<h6 class=\"heading-horizontal\" style=\"margin:20px 0 40px 0;\"><span>services we offer:<\/span><\/h6>\n<div class=\"one_fourth tt-column\">\n<div class=\"true-icon-box tt_  cgFhJdsM\"><span class=\"fa-stack fa-4x\"><i class=\"fa fa-circle fa-stack-2x\"><\/i><i class=\"fa fa-thumbs-o-up fa-stack-1x fa-inverse\"><\/i><\/span>\n<h4>Service 1<\/h4>\n<\/div>\n<p>Vivamus sagittis lacus vel augue laoreet rutrum faucibus dolor auctor. Cras mattis consectetur purus sit amet fermentum.<\/p>\n<\/div>\n<div class=\"one_fourth tt-column\">\n<div class=\"true-icon-box tt_  asucloBX\"><span class=\"fa-stack fa-4x\"><i class=\"fa fa-circle fa-stack-2x\"><\/i><i class=\"fa fa-font fa-stack-1x fa-inverse\"><\/i><\/span>\n<h4>Service 2<\/h4>\n<\/div>\n<p>Vivamus sagittis lacus vel augue laoreet rutrum faucibus dolor auctor. Cras mattis consectetur purus sit amet fermentum.<br \/>\n<\/div>\n<div class=\"one_fourth tt-column\">\n<div class=\"true-icon-box tt_  YzucgFEK\"><span class=\"fa-stack fa-4x\"><i class=\"fa fa-circle fa-stack-2x\"><\/i><i class=\"fa fa-user fa-stack-1x fa-inverse\"><\/i><\/span>\n<h4>Service 3<\/h4>\n<\/div>\n<p>Vivamus sagittis lacus vel augue laoreet rutrum faucibus dolor auctor. Cras mattis consectetur purus sit amet fermentum.<br \/>\n<\/div>\n<div class=\"one_fourth_last tt-column\">\n<div class=\"true-icon-box tt_  MwIXTcdQ\"><span class=\"fa-stack fa-4x\"><i class=\"fa fa-circle fa-stack-2x\"><\/i><i class=\"fa fa-users fa-stack-1x fa-inverse\"><\/i><\/span>\n<h4>Service 4<\/h4>\n<\/div>\n<p>Vivamus sagittis lacus vel augue laoreet rutrum faucibus dolor auctor. Cras mattis consectetur purus sit amet fermentum.<br \/>\n<\/div><br class=\"clear\" \/>\n<div class=\"hr_gap\" style=\"height:30px;\"><\/div>\n<div class='hr '>&nbsp;<\/div>\n<div class=\"hr_gap\" style=\"height:20px;\"><\/div>\n<div class=\"one_half tt-column\">\n<h5>Tabs Shortcode:<\/h5>\n<div class=\"tabs-area\"><ul class=\"tabset\"><li><a href=\"#tab-\" class=\"tab\"><span>Tabs<\/span><\/a><\/li><li><a href=\"#tab-1\" class=\"tab\"><span>are<\/span><\/a><\/li><li><a href=\"#tab-2\" class=\"tab\"><span>completely<\/span><\/a><\/li><li><a href=\"#tab-3\" class=\"tab\"><span>flexible<\/span><\/a><\/li><\/ul>\n<div id=\"tab-\" class=\"tab-box\">Lorem ipsum dolor sit amet, consectetur adipiscing elit. Ut quis sem nibh. Proin fringilla, lectus vitae vestibulum facilisis, est justo tempus orci, vel laoreet diam eros placerat elit. Pellentesque facilisis tempus velit sit amet porttitor. Proin nibh magna, porttitor accumsan malesuada non, auctor id tortor.<\/div>\n<div id=\"tab-1\" class=\"tab-box\">Lorem ipsum dolor sit amet, consectetur adipiscing elit. Ut quis sem nibh. Proin fringilla, lectus vitae vestibulum facilisis, est justo tempus orci, vel laoreet diam eros placerat elit. Pellentesque facilisis tempus velit sit amet porttitor. Proin nibh magna, porttitor accumsan malesuada non, auctor id tortor.<\/div>\n<div id=\"tab-2\" class=\"tab-box\">Lorem ipsum dolor sit amet, consectetur adipiscing elit. Ut quis sem nibh. Proin fringilla, lectus vitae vestibulum facilisis, est justo tempus orci, vel laoreet diam eros placerat elit. Pellentesque facilisis tempus velit sit amet porttitor. Proin nibh magna, porttitor accumsan malesuada non, auctor id tortor.<\/div>\n<div id=\"tab-3\" class=\"tab-box\">Lorem ipsum dolor sit amet, consectetur adipiscing elit. Ut quis sem nibh. Proin fringilla, lectus vitae vestibulum facilisis, est justo tempus orci, vel laoreet diam eros placerat elit. Pellentesque facilisis tempus velit sit amet porttitor. Proin nibh magna, porttitor accumsan malesuada non, auctor id tortor.<\/div><\/div>\n<\/div>\n<div class=\"one_half_last tt-column\">\n<h5>Blogpost Shortcode:<\/h5>\n<div class=\"blog-posts-shortcode-outer-wrap tt_\"><ul class=\"tt-recent-posts\"><li><a class=\"tt-recent-post-link\" title=\"Witaj, \u015bwiecie!\" href=\"https:\/\/net4web.pl\/index.php\/2019\/06\/20\/witaj-swiecie\/\"><span class=\"tt-blog-placeholder tt-blog-default tt-blog-sc-img\">&nbsp;<\/span><h4>Witaj, \u015bwiecie!<\/h4><p>Witamy w WordPressie. To jest tw\u00f3j pierwszy post. Edytuj go lub usu\u0144, a nast\u0119pnie zaczn...<\/p><\/a><\/li><li><a class=\"tt-recent-post-link\" title=\"Hello world!\" href=\"https:\/\/net4web.pl\/index.php\/2017\/01\/14\/hello-world\/\"><span class=\"tt-blog-placeholder tt-blog-default tt-blog-sc-img\">&nbsp;<\/span><h4>Hello world!<\/h4><p>Welcome to WordPress. This is your first post. Edit or delete it, then start writing!...<\/p><\/a><\/li><\/ul><\/div><br class=\"clear\" \/>\n<\/div><br class=\"clear\" \/>\n","protected":false},"excerpt":{"rendered":"<p>Welcome to WordPress. This is your first post. Edit or delete it, then start writing!<\/p>\n","protected":false},"author":1,"featured_media":0,"parent":0,"menu_order":0,"comment_status":"closed","ping_status":"closed","template":"template-full-width.php","meta":[],"_links":{"self":[{"href":"https:\/\/net4web.pl\/index.php\/wp-json\/wp\/v2\/pages\/5756"}],"collection":[{"href":"https:\/\/net4web.pl\/index.php\/wp-json\/wp\/v2\/pages"}],"about":[{"href":"https:\/\/net4web.pl\/index.php\/wp-json\/wp\/v2\/types\/page"}],"author":[{"embeddable":true,"href":"https:\/\/net4web.pl\/index.php\/wp-json\/wp\/v2\/users\/1"}],"replies":[{"embeddable":true,"href":"https:\/\/net4web.pl\/index.php\/wp-json\/wp\/v2\/comments?post=5756"}],"version-history":[{"count":0,"href":"https:\/\/net4web.pl\/index.php\/wp-json\/wp\/v2\/pages\/5756\/revisions"}],"wp:attachment":[{"href":"https:\/\/net4web.pl\/index.php\/wp-json\/wp\/v2\/media?parent=5756"}],"curies":[{"name":"wp","href":"https:\/\/api.w.org\/{rel}","templated":true}]}}